{"id":29274,"date":"2020-11-12T12:56:43","date_gmt":"2020-11-12T12:56:43","guid":{"rendered":"https:\/\/masinoprojekt.asynclabs.co\/vijesti\/"},"modified":"2021-03-04T09:29:03","modified_gmt":"2021-03-04T09:29:03","slug":"vijesti","status":"publish","type":"page","link":"https:\/\/masinoprojekt.hr\/hr\/vijesti\/","title":{"rendered":"Vijesti"},"content":{"rendered":"\n  <div id=\"page-header-1029364018\" class=\"page-header-wrapper\">\n  <div class=\"page-title light divided-title\">\n\n    \n    <div class=\"page-title-inner container align-center flex-row medium-flex-wrap\" >\n              <div class=\"title-wrapper flex-col text-left medium-text-center\">\n          <h1 class=\"entry-title mb-0\">\n            Vijesti          <\/h1>\n        <\/div>\n                    <div class=\"title-content flex-col flex-right text-right medium-text-center\">\n        <div class=\"title-breadcrumbs pb-half pt-half\"><\/div>      <\/div>\n    <\/div>\n\n       <\/div>\n  <div class=\"container header-wrapper-divider\"><hr\/><\/div>  <\/div>\n  \n\n\n  \n    <div id=\"row-1755054123\" class=\"row large-columns-4 medium-columns-1 small-columns-1 row-masonry\" data-packery-options='{\"itemSelector\": \".col\", \"gutter\": 0, \"presentageWidth\" : true}'>\n\n  \t\t<div class=\"col post-item\" >\n\t\t\t<div class=\"col-inner\">\n\t\t\t<a href=\"https:\/\/masinoprojekt.hr\/hr\/2020\/11\/12\/pocasceni-smo-biti-gost-4-broja-casopisa-ege\/\" class=\"plain\">\n\t\t\t\t<div class=\"box box-normal box-text-bottom box-blog-post has-hover\">\n            \t\t\t\t\t<div class=\"box-image\" >\n  \t\t\t\t\t\t<div class=\"image-cover\" style=\"padding-top:56%;\">\n  \t\t\t\t\t\t\t<img loading=\"lazy\" decoding=\"async\" width=\"300\" height=\"200\" src=\"https:\/\/masinoprojekt.hr\/wp-content\/uploads\/sites\/2\/2020\/11\/Depositphotos_9306608_l-2015-300x200.jpg\" class=\"attachment-medium size-medium wp-post-image\" alt=\"\" srcset=\"https:\/\/masinoprojekt.hr\/wp-content\/uploads\/sites\/2\/2020\/11\/Depositphotos_9306608_l-2015-300x200.jpg 300w, https:\/\/masinoprojekt.hr\/wp-content\/uploads\/sites\/2\/2020\/11\/Depositphotos_9306608_l-2015-1024x683.jpg 1024w, https:\/\/masinoprojekt.hr\/wp-content\/uploads\/sites\/2\/2020\/11\/Depositphotos_9306608_l-2015-768x512.jpg 768w, https:\/\/masinoprojekt.hr\/wp-content\/uploads\/sites\/2\/2020\/11\/Depositphotos_9306608_l-2015-510x340.jpg 510w, https:\/\/masinoprojekt.hr\/wp-content\/uploads\/sites\/2\/2020\/11\/Depositphotos_9306608_l-2015.jpg 1500w\" sizes=\"(max-width: 300px) 100vw, 300px\" \/>  \t\t\t\t\t\t\t  \t\t\t\t\t\t\t  \t\t\t\t\t\t<\/div>\n  \t\t\t\t\t\t  \t\t\t\t\t<\/div>\n          \t\t\t\t\t<div class=\"box-text text-center\" >\n\t\t\t\t\t<div class=\"box-text-inner blog-post-inner\">\n\n\t\t\t\t\t\n\t\t\t\t\t\t\t\t\t\t<h5 class=\"post-title is-large \">Sedam desetlje\u0107a na\u0161eg uspjeha u \u010dasopisu EGE<\/h5>\n\t\t\t\t\t\t\t\t\t\t<div class=\"is-divider\"><\/div>\n\t\t\t\t\t\t\t\t\t\t<p class=\"from_the_blog_excerpt \">Gostovali smo \u010detvrtom izdanju \u010dasopisa EGE gdje smo imali \u010dast ispri\u010dati svoju povijesnu pri\u010du i [...]\t\t\t\t\t<\/p>\n\t\t\t\t\t                    \n\t\t\t\t\t\n\t\t\t\t\t\n\t\t\t\t\t<\/div>\n\t\t\t\t\t<\/div>\n\t\t\t\t\t\t\t\t\t\t\t\t\t\t\t\t<div class=\"badge absolute top post-date badge-outline\">\n\t\t\t\t\t\t\t<div class=\"badge-inner\">\n\t\t\t\t\t\t\t\t<span class=\"post-date-day\">12<\/span><br>\n\t\t\t\t\t\t\t\t<span class=\"post-date-month is-xsmall\">stu<\/span>\n\t\t\t\t\t\t\t<\/div>\n\t\t\t\t\t\t<\/div>\n\t\t\t\t\t\t\t\t\t<\/div>\n\t\t\t\t<\/a>\n\t\t\t<\/div>\n\t\t<\/div>\n\t\t<div class=\"col post-item\" >\n\t\t\t<div class=\"col-inner\">\n\t\t\t<a href=\"https:\/\/masinoprojekt.hr\/hr\/2020\/11\/12\/projekt-sanacije-dimnjaka-i-plinskih-instalacija\/\" class=\"plain\">\n\t\t\t\t<div class=\"box box-normal box-text-bottom box-blog-post has-hover\">\n            \t\t\t\t\t<div class=\"box-image\" >\n  \t\t\t\t\t\t<div class=\"image-cover\" style=\"padding-top:56%;\">\n  \t\t\t\t\t\t\t<img loading=\"lazy\" decoding=\"async\" width=\"300\" height=\"200\" src=\"https:\/\/masinoprojekt.hr\/wp-content\/uploads\/sites\/2\/2020\/11\/Depositphotos_10731728_l-2015-2-300x200.jpg\" class=\"attachment-medium size-medium wp-post-image\" alt=\"\" srcset=\"https:\/\/masinoprojekt.hr\/wp-content\/uploads\/sites\/2\/2020\/11\/Depositphotos_10731728_l-2015-2-300x200.jpg 300w, https:\/\/masinoprojekt.hr\/wp-content\/uploads\/sites\/2\/2020\/11\/Depositphotos_10731728_l-2015-2-1024x683.jpg 1024w, https:\/\/masinoprojekt.hr\/wp-content\/uploads\/sites\/2\/2020\/11\/Depositphotos_10731728_l-2015-2-768x512.jpg 768w, https:\/\/masinoprojekt.hr\/wp-content\/uploads\/sites\/2\/2020\/11\/Depositphotos_10731728_l-2015-2-1536x1025.jpg 1536w, https:\/\/masinoprojekt.hr\/wp-content\/uploads\/sites\/2\/2020\/11\/Depositphotos_10731728_l-2015-2-510x340.jpg 510w, https:\/\/masinoprojekt.hr\/wp-content\/uploads\/sites\/2\/2020\/11\/Depositphotos_10731728_l-2015-2.jpg 2000w\" sizes=\"(max-width: 300px) 100vw, 300px\" \/>  \t\t\t\t\t\t\t  \t\t\t\t\t\t\t  \t\t\t\t\t\t<\/div>\n  \t\t\t\t\t\t  \t\t\t\t\t<\/div>\n          \t\t\t\t\t<div class=\"box-text text-center\" >\n\t\t\t\t\t<div class=\"box-text-inner blog-post-inner\">\n\n\t\t\t\t\t\n\t\t\t\t\t\t\t\t\t\t<h5 class=\"post-title is-large \">Projekt sanacije dimnjaka i plinskih instalacija<\/h5>\n\t\t\t\t\t\t\t\t\t\t<div class=\"is-divider\"><\/div>\n\t\t\t\t\t\t\t\t\t\t<p class=\"from_the_blog_excerpt \">Investitor: Gradski ured za mjesnu samoupravu, Grad Zagreb Naziv projekta: Izrada projektne dokumentacije za sanaciju [...]\t\t\t\t\t<\/p>\n\t\t\t\t\t                    \n\t\t\t\t\t\n\t\t\t\t\t\n\t\t\t\t\t<\/div>\n\t\t\t\t\t<\/div>\n\t\t\t\t\t\t\t\t\t\t\t\t\t\t\t\t<div class=\"badge absolute top post-date badge-outline\">\n\t\t\t\t\t\t\t<div class=\"badge-inner\">\n\t\t\t\t\t\t\t\t<span class=\"post-date-day\">12<\/span><br>\n\t\t\t\t\t\t\t\t<span class=\"post-date-month is-xsmall\">stu<\/span>\n\t\t\t\t\t\t\t<\/div>\n\t\t\t\t\t\t<\/div>\n\t\t\t\t\t\t\t\t\t<\/div>\n\t\t\t\t<\/a>\n\t\t\t<\/div>\n\t\t<\/div>\n\t\t<div class=\"col post-item\" >\n\t\t\t<div class=\"col-inner\">\n\t\t\t<a href=\"https:\/\/masinoprojekt.hr\/hr\/2020\/11\/12\/obavijest-o-pocetku-projekta-projektna-dokumentacija-nazor\/\" class=\"plain\">\n\t\t\t\t<div class=\"box box-normal box-text-bottom box-blog-post has-hover\">\n            \t\t\t\t\t<div class=\"box-image\" >\n  \t\t\t\t\t\t<div class=\"image-cover\" style=\"padding-top:56%;\">\n  \t\t\t\t\t\t\t<img loading=\"lazy\" decoding=\"async\" width=\"300\" height=\"169\" src=\"https:\/\/masinoprojekt.hr\/wp-content\/uploads\/sites\/2\/2020\/08\/techservices-300x169.jpg\" class=\"attachment-medium size-medium wp-post-image\" alt=\"\" srcset=\"https:\/\/masinoprojekt.hr\/wp-content\/uploads\/sites\/2\/2020\/08\/techservices-300x169.jpg 300w, https:\/\/masinoprojekt.hr\/wp-content\/uploads\/sites\/2\/2020\/08\/techservices-1024x576.jpg 1024w, https:\/\/masinoprojekt.hr\/wp-content\/uploads\/sites\/2\/2020\/08\/techservices-768x432.jpg 768w, https:\/\/masinoprojekt.hr\/wp-content\/uploads\/sites\/2\/2020\/08\/techservices-510x287.jpg 510w, https:\/\/masinoprojekt.hr\/wp-content\/uploads\/sites\/2\/2020\/08\/techservices.jpg 1500w\" sizes=\"(max-width: 300px) 100vw, 300px\" \/>  \t\t\t\t\t\t\t  \t\t\t\t\t\t\t  \t\t\t\t\t\t<\/div>\n  \t\t\t\t\t\t  \t\t\t\t\t<\/div>\n          \t\t\t\t\t<div class=\"box-text text-center\" >\n\t\t\t\t\t<div class=\"box-text-inner blog-post-inner\">\n\n\t\t\t\t\t\n\t\t\t\t\t\t\t\t\t\t<h5 class=\"post-title is-large \">Projekt zamjene vrelovodne mre\u017ee centralnog toplinskog sustava<\/h5>\n\t\t\t\t\t\t\t\t\t\t<div class=\"is-divider\"><\/div>\n\t\t\t\t\t\t\t\t\t\t<p class=\"from_the_blog_excerpt \">Investitor: HEP Toplionarstvo d.o.o. Naziv projekta: Projekt zamjene vrelovodne mre\u017ee centralnog toplinskog sustava grada Zagreba [...]\t\t\t\t\t<\/p>\n\t\t\t\t\t                    \n\t\t\t\t\t\n\t\t\t\t\t\n\t\t\t\t\t<\/div>\n\t\t\t\t\t<\/div>\n\t\t\t\t\t\t\t\t\t\t\t\t\t\t\t\t<div class=\"badge absolute top post-date badge-outline\">\n\t\t\t\t\t\t\t<div class=\"badge-inner\">\n\t\t\t\t\t\t\t\t<span class=\"post-date-day\">12<\/span><br>\n\t\t\t\t\t\t\t\t<span class=\"post-date-month is-xsmall\">stu<\/span>\n\t\t\t\t\t\t\t<\/div>\n\t\t\t\t\t\t<\/div>\n\t\t\t\t\t\t\t\t\t<\/div>\n\t\t\t\t<\/a>\n\t\t\t<\/div>\n\t\t<\/div>\n<\/div>\n\n\n","protected":false},"excerpt":{"rendered":"","protected":false},"author":18,"featured_media":0,"parent":0,"menu_order":0,"comment_status":"closed","ping_status":"closed","template":"","meta":{"footnotes":""},"class_list":["post-29274","page","type-page","status-publish","hentry"],"yoast_head":"<!-- This site is optimized with the Yoast SEO plugin v24.3 - https:\/\/yoast.com\/wordpress\/plugins\/seo\/ -->\n<title>Vijesti - Ma\u0161inoprojekt<\/title>\n<meta name=\"robots\" content=\"index, follow, max-snippet:-1, max-image-preview:large, max-video-preview:-1\" \/>\n<link rel=\"canonical\" href=\"https:\/\/masinoprojekt.hr\/hr\/vijesti\/\" \/>\n<meta property=\"og:locale\" content=\"hr_HR\" \/>\n<meta property=\"og:type\" content=\"article\" \/>\n<meta property=\"og:title\" content=\"Vijesti - Ma\u0161inoprojekt\" \/>\n<meta property=\"og:url\" content=\"https:\/\/masinoprojekt.hr\/hr\/vijesti\/\" \/>\n<meta property=\"og:site_name\" content=\"Ma\u0161inoprojekt\" \/>\n<meta property=\"article:modified_time\" content=\"2021-03-04T09:29:03+00:00\" \/>\n<meta name=\"twitter:card\" content=\"summary_large_image\" \/>\n<script type=\"application\/ld+json\" class=\"yoast-schema-graph\">{\"@context\":\"https:\/\/schema.org\",\"@graph\":[{\"@type\":\"WebPage\",\"@id\":\"https:\/\/masinoprojekt.hr\/hr\/vijesti\/\",\"url\":\"https:\/\/masinoprojekt.hr\/hr\/vijesti\/\",\"name\":\"Vijesti - Ma\u0161inoprojekt\",\"isPartOf\":{\"@id\":\"https:\/\/masinoprojekt.hr\/hr\/#website\"},\"datePublished\":\"2020-11-12T12:56:43+00:00\",\"dateModified\":\"2021-03-04T09:29:03+00:00\",\"breadcrumb\":{\"@id\":\"https:\/\/masinoprojekt.hr\/hr\/vijesti\/#breadcrumb\"},\"inLanguage\":\"hr\",\"potentialAction\":[{\"@type\":\"ReadAction\",\"target\":[\"https:\/\/masinoprojekt.hr\/hr\/vijesti\/\"]}]},{\"@type\":\"BreadcrumbList\",\"@id\":\"https:\/\/masinoprojekt.hr\/hr\/vijesti\/#breadcrumb\",\"itemListElement\":[{\"@type\":\"ListItem\",\"position\":1,\"name\":\"Home\",\"item\":\"https:\/\/masinoprojekt.hr\/hr\/\"},{\"@type\":\"ListItem\",\"position\":2,\"name\":\"Vijesti\"}]},{\"@type\":\"WebSite\",\"@id\":\"https:\/\/masinoprojekt.hr\/hr\/#website\",\"url\":\"https:\/\/masinoprojekt.hr\/hr\/\",\"name\":\"Ma\u0161inoprojekt\",\"description\":\"\",\"publisher\":{\"@id\":\"https:\/\/masinoprojekt.hr\/hr\/#organization\"},\"potentialAction\":[{\"@type\":\"SearchAction\",\"target\":{\"@type\":\"EntryPoint\",\"urlTemplate\":\"https:\/\/masinoprojekt.hr\/hr\/?s={search_term_string}\"},\"query-input\":{\"@type\":\"PropertyValueSpecification\",\"valueRequired\":true,\"valueName\":\"search_term_string\"}}],\"inLanguage\":\"hr\"},{\"@type\":\"Organization\",\"@id\":\"https:\/\/masinoprojekt.hr\/hr\/#organization\",\"name\":\"Masinoprojekt\",\"url\":\"https:\/\/masinoprojekt.hr\/hr\/\",\"logo\":{\"@type\":\"ImageObject\",\"inLanguage\":\"hr\",\"@id\":\"https:\/\/masinoprojekt.hr\/hr\/#\/schema\/logo\/image\/\",\"url\":\"https:\/\/masinoprojekt.hr\/wp-content\/uploads\/sites\/2\/2020\/08\/Logo_Full_Color-scaled.jpg\",\"contentUrl\":\"https:\/\/masinoprojekt.hr\/wp-content\/uploads\/sites\/2\/2020\/08\/Logo_Full_Color-scaled.jpg\",\"width\":2560,\"height\":383,\"caption\":\"Masinoprojekt\"},\"image\":{\"@id\":\"https:\/\/masinoprojekt.hr\/hr\/#\/schema\/logo\/image\/\"}}]}<\/script>\n<!-- \/ Yoast SEO plugin. -->","yoast_head_json":{"title":"Vijesti - Ma\u0161inoprojekt","robots":{"index":"index","follow":"follow","max-snippet":"max-snippet:-1","max-image-preview":"max-image-preview:large","max-video-preview":"max-video-preview:-1"},"canonical":"https:\/\/masinoprojekt.hr\/hr\/vijesti\/","og_locale":"hr_HR","og_type":"article","og_title":"Vijesti - Ma\u0161inoprojekt","og_url":"https:\/\/masinoprojekt.hr\/hr\/vijesti\/","og_site_name":"Ma\u0161inoprojekt","article_modified_time":"2021-03-04T09:29:03+00:00","twitter_card":"summary_large_image","schema":{"@context":"https:\/\/schema.org","@graph":[{"@type":"WebPage","@id":"https:\/\/masinoprojekt.hr\/hr\/vijesti\/","url":"https:\/\/masinoprojekt.hr\/hr\/vijesti\/","name":"Vijesti - Ma\u0161inoprojekt","isPartOf":{"@id":"https:\/\/masinoprojekt.hr\/hr\/#website"},"datePublished":"2020-11-12T12:56:43+00:00","dateModified":"2021-03-04T09:29:03+00:00","breadcrumb":{"@id":"https:\/\/masinoprojekt.hr\/hr\/vijesti\/#breadcrumb"},"inLanguage":"hr","potentialAction":[{"@type":"ReadAction","target":["https:\/\/masinoprojekt.hr\/hr\/vijesti\/"]}]},{"@type":"BreadcrumbList","@id":"https:\/\/masinoprojekt.hr\/hr\/vijesti\/#breadcrumb","itemListElement":[{"@type":"ListItem","position":1,"name":"Home","item":"https:\/\/masinoprojekt.hr\/hr\/"},{"@type":"ListItem","position":2,"name":"Vijesti"}]},{"@type":"WebSite","@id":"https:\/\/masinoprojekt.hr\/hr\/#website","url":"https:\/\/masinoprojekt.hr\/hr\/","name":"Ma\u0161inoprojekt","description":"","publisher":{"@id":"https:\/\/masinoprojekt.hr\/hr\/#organization"},"potentialAction":[{"@type":"SearchAction","target":{"@type":"EntryPoint","urlTemplate":"https:\/\/masinoprojekt.hr\/hr\/?s={search_term_string}"},"query-input":{"@type":"PropertyValueSpecification","valueRequired":true,"valueName":"search_term_string"}}],"inLanguage":"hr"},{"@type":"Organization","@id":"https:\/\/masinoprojekt.hr\/hr\/#organization","name":"Masinoprojekt","url":"https:\/\/masinoprojekt.hr\/hr\/","logo":{"@type":"ImageObject","inLanguage":"hr","@id":"https:\/\/masinoprojekt.hr\/hr\/#\/schema\/logo\/image\/","url":"https:\/\/masinoprojekt.hr\/wp-content\/uploads\/sites\/2\/2020\/08\/Logo_Full_Color-scaled.jpg","contentUrl":"https:\/\/masinoprojekt.hr\/wp-content\/uploads\/sites\/2\/2020\/08\/Logo_Full_Color-scaled.jpg","width":2560,"height":383,"caption":"Masinoprojekt"},"image":{"@id":"https:\/\/masinoprojekt.hr\/hr\/#\/schema\/logo\/image\/"}}]}},"_links":{"self":[{"href":"https:\/\/masinoprojekt.hr\/hr\/wp-json\/wp\/v2\/pages\/29274"}],"collection":[{"href":"https:\/\/masinoprojekt.hr\/hr\/wp-json\/wp\/v2\/pages"}],"about":[{"href":"https:\/\/masinoprojekt.hr\/hr\/wp-json\/wp\/v2\/types\/page"}],"author":[{"embeddable":true,"href":"https:\/\/masinoprojekt.hr\/hr\/wp-json\/wp\/v2\/users\/18"}],"replies":[{"embeddable":true,"href":"https:\/\/masinoprojekt.hr\/hr\/wp-json\/wp\/v2\/comments?post=29274"}],"version-history":[{"count":8,"href":"https:\/\/masinoprojekt.hr\/hr\/wp-json\/wp\/v2\/pages\/29274\/revisions"}],"predecessor-version":[{"id":29447,"href":"https:\/\/masinoprojekt.hr\/hr\/wp-json\/wp\/v2\/pages\/29274\/revisions\/29447"}],"wp:attachment":[{"href":"https:\/\/masinoprojekt.hr\/hr\/wp-json\/wp\/v2\/media?parent=29274"}],"curies":[{"name":"wp","href":"https:\/\/api.w.org\/{rel}","templated":true}]}}