{"id":28960,"date":"2020-08-26T07:58:55","date_gmt":"2020-08-26T07:58:55","guid":{"rendered":"https:\/\/masinoprojekt.asynclabs.co\/pravila-o-privatnosti\/"},"modified":"2020-08-26T14:55:31","modified_gmt":"2020-08-26T14:55:31","slug":"pravila-o-privatnosti","status":"publish","type":"page","link":"https:\/\/masinoprojekt.hr\/hr\/pravila-o-privatnosti\/","title":{"rendered":"Pravila o privatnosti"},"content":{"rendered":"\n<h1 class=\"wp-block-heading\">Pravila o privatnosti<\/h1>\n\n\n\n<p>A\u017eurirano 01.09 2020<\/p>\n\n\n\n<p>Ma\u0161inoprojekt (\u201emi\u201c, \u201ena\u0161i\u201c ili \u201emi\u201c) zala\u017ee se za za\u0161titu va\u0161e privatnosti. Ova Pravila o privatnosti obja\u0161njavaju kako Ma\u0161inoprojekt va\u0161e osobne podatke prikuplja, koristi i objavljuje.<\/p>\n\n\n\n<p>Ova se pravila o privatnosti odnose na na\u0161u web stranicu, masinoprojekt.hr, i pridru\u017eene poddomene (zajedno na\u0161a &#8220;Usluga&#8221;) zajedno s na\u0161om aplikacijom, Ma\u0161inoprojekt. Pristupanjem ili kori\u0161tenjem na\u0161e usluge, ozna\u010davate da ste pro\u010ditali, razumjeli i prihva\u0107ate na\u0161u kolekciju, pohranu, upotrebu i otkrivanje va\u0161ih osobnih podataka kako je opisano u ovim Pravilima o privatnosti i na\u0161im Uvjetima pru\u017eanja usluge.<\/p>\n\n\n\n<h1 class=\"wp-block-heading\">Zna\u010denja<\/h1>\n\n\n\n<p>Za ovu politiku privatnosti:<\/p>\n\n\n\n<ul class=\"wp-block-list\"><li>Nazvat \u0107e vas osoba koja je pristupila Usluzi, ili tvrtka ili druga pravna osoba u ime koje ta osoba ima pristup ili koristi Uslugu, prema potrebi.<\/li><li>Tvrtka (koja se u ovom Ugovoru naziva &#8220;tvrtka&#8221;, &#8220;mi&#8221;, &#8220;nas&#8221; ili &#8220;na\u0161a&#8221;) odnosi se na Ma\u0161inoprojekt d.o.o., Bra\u0107e Domany 8, 10000, Zagreb<\/li><li>Web stranica se odnosi na Ma\u0161inoprojekt, dostupno s masinoprojekt.hr<\/li><li>Usluga se odnosi na web mjesto.<\/li><li>Davatelj usluga zna\u010di bilo koju fizi\u010dku ili pravnu osobu koja podatke obra\u0111uje u ime Dru\u0161tva. Odnosi se na tre\u0107e tvrtke ili pojedince zaposlene u Dru\u0161tvu radi olak\u0161avanja usluge, pru\u017eanja usluge u ime Dru\u0161tva, izvr\u0161avanja usluga povezanih sa uslugom ili pru\u017eanja pomo\u0107i Dru\u0161tvu u analizi kako se usluga koristi.<\/li><li>Usluga dru\u0161tvenih medija tre\u0107e strane mo\u017ee biti bilo koja web stranica ili web lokacija dru\u0161tvene mre\u017ee na kojoj se korisnik mo\u017ee prijaviti ili otvoriti ra\u010dun za upotrebu usluge.<\/li><li>Osobni podaci su svaki podaci koji se odnose na identificiranog ili prepoznatljivog pojedinca.<\/li><li>Kola\u010di\u0107i su mala koli\u010dina podataka koje generira web mjesto i sprema ih va\u0161 web preglednik. Njegova je svrha upamtiti podatke o vama, sli\u010dne datoteci s preferencijama koju je stvorila softverska aplikacija.<\/li><li>Ure\u0111aj bi mogao biti bilo koji ure\u0111aj s internetom koji mo\u017ee pristupiti usluzi poput mobilnog telefona, ra\u010dunala ili digitalnog tableta.<\/li><li>Podaci o upotrebi odnose se na podatke koji se prikupljaju automatski, bilo generirane uporabom usluge ili iz same servisne infrastrukture. Na primjer, koliko puta je korisnik pristupio web mjestu.<\/li><\/ul>\n\n\n\n<h1 class=\"wp-block-heading\">Koje podatke prikupljamo?<\/h1>\n\n\n\n<p>Prikupljamo podatke od vas kada posjetite na\u0161u web stranicu, registrirate se na na\u0161oj web stranici, izvr\u0161ite narud\u017ebu, pretplatite se na na\u0161 newsletter, odgovorimo na anketu ili ispunite obrazac.<\/p>\n\n\n\n<ul class=\"wp-block-list\"><li>Email adresa<\/li><\/ul>\n\n\n\n<h1 class=\"wp-block-heading\">Kako koristimo podatke koje prikupljamo?<\/h1>\n\n\n\n<p>Bilo koja informacija koju prikupljamo od vas mo\u017ee se upotrebljavati na jedan od sljede\u0107ih na\u010dina:<\/p>\n\n\n\n<ul class=\"wp-block-list\"><li>Da biste prilagodili svoje iskustvo (va\u0161e informacije poma\u017eu nam da bolje odgovorimo na va\u0161e individualne potrebe)<\/li><li>Da bismo pobolj\u0161ali na\u0161u web stranicu (neprekidno se trudimo pobolj\u0161avati ponudu na\u0161ih web stranica na temelju informacija i povratnih informacija koje dobivamo od vas)<\/li><li>Da bismo pobolj\u0161ali korisni\u010dku uslugu (va\u0161e informacije poma\u017eu nam da u\u010dinkovitije odgovorimo na va\u0161e zahtjeve za korisni\u010dkom uslugom i potrebama podr\u0161ke)<\/li><li>Za obradu transakcija<\/li><li>Da biste upravljali natje\u010dajem, promocijom, istra\u017eivanjem ili drugim zna\u010dajkama web mjesta<\/li><li>Slanje periodi\u010dnih e-poruka<\/li><\/ul>\n\n\n\n<h1 class=\"wp-block-heading\">Kako koristimo svoju adresu e-po\u0161te?<\/h1>\n\n\n\n<p>Slanjem svoje adrese e-po\u0161te na ovoj web stranici, pristajete na primanje e-po\u0161te od nas. Mo\u017eete u bilo kojem trenutku otkazati svoje sudjelovanje na bilo kojem od ovih popisa e-po\u0161te klikom na vezu za odustajanje ili drugom opcijom odjave koja je uklju\u010dena u odgovaraju\u0107u adresu e-po\u0161te. E-po\u0161tu \u0161aljemo samo osobama koje su nas ovlastile da ih kontaktiramo bilo izravno, bilo putem tre\u0107e strane. Ne \u0161aljemo ne\u017eeljene komercijalne e-poruke, jer mrzimo ne\u017eeljenu po\u0161tu kao i vi. Slanjem va\u0161e adrese e-po\u0161te tako\u0111er se sla\u017eete da nam dopustite da koristimo va\u0161u adresu e-po\u0161te za ciljanje publike na web lokacijama poput Facebooka, gdje prikazujemo prilago\u0111eno ogla\u0161avanje odre\u0111enim ljudima koji su se opredijelili za primanje komunikacije od nas. Adresa e-po\u0161te poslana samo putem stranice za obradu narud\u017ebe koristit \u0107e se samo za slanje informacija i a\u017euriranja koja se odnose na va\u0161u narud\u017ebu. Ako ste nam, me\u0111utim, poslali istu poruku e-po\u0161te putem druge metode, mo\u017eemo je upotrijebiti u bilo koju svrhu navedenu u ovim Pravilima. Napomena: Ako se u bilo kojem trenutku \u017eelite odjaviti od primanja budu\u0107ih poruka e-po\u0161te, na dnu svake poruke e-po\u0161te uvr\u0161tavamo detaljne upute za odjavu.<\/p>\n\n\n\n<h1 class=\"wp-block-heading\">Koliko dugo \u010duvamo va\u0161e podatke?<\/h1>\n\n\n\n<p>Va\u0161e podatke \u010duvamo samo toliko koliko nam trebaju kako bismo vam ih pru\u017eili Ma\u0161inoprojekt i ispunili svrhe opisane u ovim pravilima. To se odnosi i na sve s kojima dijelimo va\u0161e podatke i koji u na\u0161e ime obavljaju usluge. Kad vi\u0161e ne trebamo koristiti va\u0161e podatke i nema potrebe da ih dr\u017eimo u skladu s na\u0161im zakonskim ili regulatornim obvezama, uklonit \u0107emo ih iz na\u0161ih sustava ili ih depersonalizirati tako da vas ne mo\u017eemo identificirati.<\/p>\n\n\n\n<h1 class=\"wp-block-heading\">Kako \u0161titimo va\u0161e podatke?<\/h1>\n\n\n\n<p>Provodimo razli\u010dite sigurnosne mjere kako bismo odr\u017eali sigurnost va\u0161ih osobnih podataka kada odjavljujete narud\u017ebu ili unosite, predajete ili pristupate svojim osobnim podacima. Nudimo upotrebu sigurnog poslu\u017eitelja. Sve isporu\u010dene osjetljive \/ kreditne informacije prenose se pomo\u0107u tehnologije Secure Socket Layer (SSL), a zatim se \u0161ifriraju u na\u0161u bazu podataka pru\u017eatelja usluga pla\u0107anja putem pristupa samo onima koji su ovla\u0161teni s posebnim pristupnim pravima takvim sustavima, a oni su du\u017eni podatke \u010duvati povjerljivima. Nakon transakcije, va\u0161i privatni podaci (kreditne kartice, brojevi socijalnog osiguranja, financijske usluge itd.) Se nikada ne \u010duvaju. Me\u0111utim, ne mo\u017eemo osigurati ili jam\u010diti apsolutnu sigurnost bilo koje informacije koju proslje\u0111ujete Ma\u0161inoprojektu, niti jam\u010diti da va\u0161im podacima na Usluzi ne mo\u017ee pristupiti, otkriti, izmijeniti ili uni\u0161titi kr\u0161enjem bilo kojeg na\u0161eg fizi\u010dkog, tehni\u010dkog ili upravlja\u010dkog polo\u017eaja. za\u0161titne mjere.<\/p>\n\n\n\n<h1 class=\"wp-block-heading\">Mjerodavno pravo<\/h1>\n\n\n\n<p>Zakoni HR-a, osim pravila o sukobu zakona, regulirat \u0107e ovaj Ugovor i va\u0161e kori\u0161tenje web stranice. Va\u0161a upotreba web stranice tako\u0111er mo\u017ee biti podlo\u017ena drugim lokalnim, dr\u017eavnim, nacionalnim ili me\u0111unarodnim zakonima.<\/p>\n\n\n\n<h1 class=\"wp-block-heading\">Va\u0161a suglasnost<\/h1>\n\n\n\n<p>Kori\u0161tenjem na\u0161e web stranice, registracijom ra\u010duna ili kupnjom pristajete na ova pravila o privatnosti.<\/p>\n\n\n\n<h1 class=\"wp-block-heading\">Linkovi na druge web stranice<\/h1>\n\n\n\n<p>Na\u0161a usluga mo\u017ee sadr\u017eavati veze na druge web stranice koje Mi ne upravljamo. Ako kliknete na vezu tre\u0107e strane, bit \u0107ete usmjereni na web mjesto te tre\u0107e strane. Toplo vam savjetujemo da pregledate Politiku privatnosti svake web stranice koju posjetite.<\/p>\n\n\n\n<p>Mi nemamo kontrolu nad i ne preuzimamo odgovornost za sadr\u017eaj, politike privatnosti ili prakse bilo koje tre\u0107e strane ili usluge tre\u0107ih strana.<\/p>\n\n\n\n<h1 class=\"wp-block-heading\">Kola\u010di\u0107i<\/h1>\n\n\n\n<p>Ma\u0161inoprojekt koristi \u201eKola\u010di\u0107e\u201c za prepoznavanje podru\u010dja na\u0161e web stranice koje ste posjetili. Kola\u010di\u0107 je mali dio podataka koje va\u0161 web preglednik pohranjuje na va\u0161em ra\u010dunalu ili mobilnom ure\u0111aju. Koristimo Kola\u010di\u0107e za personalizaciju sadr\u017eaja koji vidite na na\u0161oj web stranici. Ve\u0107ina web preglednika mo\u017ee se postaviti tako da onemogu\u0107i upotrebu kola\u010di\u0107a. Me\u0111utim, ako onemogu\u0107ite kola\u010di\u0107e, mo\u017eda ne\u0107ete mo\u0107i pravilno ili uop\u0107e pristupiti funkcijama na na\u0161oj web stranici. Nikada ne stavljamo osobne podatke u kola\u010di\u0107e.<\/p>\n\n\n\n<h1 class=\"wp-block-heading\">Usluge ponovnog marketinga<\/h1>\n\n\n\n<p>Koristimo usluge remarketinga. \u0160to je remarketing? U digitalnom marketingu ponovni marketing (ili retargeting) praksa je poslu\u017eivanja oglasa putem interneta ljudima koji su ve\u0107 posjetili va\u0161u web stranicu. Omogu\u0107uje va\u0161oj tvrtki da izgleda kao da &#8220;slijede&#8221; ljude \u0161irom interneta poslu\u017eivanjem oglasa na web stranicama i platformama koje najvi\u0161e koriste.<\/p>\n\n\n\n<h1 class=\"wp-block-heading\">Promjene u na\u0161im pravilima o privatnosti<\/h1>\n\n\n\n<p>Ako odlu\u010dimo promijeniti svoju politiku privatnosti, te izmjene \u0107emo objaviti na ovoj stranici i \/ ili a\u017eurirati datum izmjene Pravila o privatnosti u nastavku.<\/p>\n\n\n\n<h1 class=\"wp-block-heading\">Usluge tre\u0107e strane<\/h1>\n\n\n\n<p>Mo\u017eemo prikazati, uklju\u010diti ili u\u010diniti dostupnim sadr\u017eaje tre\u0107e strane (uklju\u010duju\u0107i podatke, informacije, aplikacije i ostale proizvode) ili pru\u017eiti veze na web stranice ili usluge tre\u0107ih strana (&#8220;Usluge tre\u0107ih strana&#8221;).<\/p>\n\n\n\n<p>Prihva\u0107ate i suglasni ste da Ma\u0161inoprojekt ne\u0107e biti odgovoran za bilo koje usluge tre\u0107ih strana, uklju\u010duju\u0107i njihovu to\u010dnost, cjelovitost, pravovremenost, valjanost, po\u0161tivanje autorskih prava, zakonitost, pristojnost, kvalitetu ili bilo koji drugi aspekt istih. Ma\u0161inoprojekt ne preuzima i ne\u0107e imati nikakvu odgovornost prema vama ili bilo kojoj drugoj osobi ili entitetu za bilo koje usluge tre\u0107ih strana.<\/p>\n\n\n\n<p>Usluge i veze tre\u0107ih strana pru\u017eaju se isklju\u010divo kao pogodnost vama i vi im pristupate i koristite ih u potpunosti na vlastiti rizik i u skladu s uvjetima i odredbama tih tre\u0107ih strana.<\/p>\n\n\n\n<h1 class=\"wp-block-heading\">Informacije u vezi s va\u0161im pravima na za\u0161titu podataka prema Op\u0107oj uredbi o za\u0161titi podataka (GDPR)<\/h1>\n\n\n\n<p>Za potrebe ovih Pravila o privatnosti, mi smo kontrolor podataka va\u0161ih osobnih podataka.<\/p>\n\n\n\n<p>Ako ste iz Europskog gospodarskog prostora (EEA), na\u0161a pravna osnova za prikupljanje i kori\u0161tenje va\u0161ih osobnih podataka, kako je opisano u ovim Pravilima o privatnosti, ovisi o podacima koje prikupljamo i specifi\u010dnom kontekstu u kojem ih prikupljamo. Va\u0161e osobne podatke mo\u017eemo obraditi zbog:<\/p>\n\n\n\n<ul class=\"wp-block-list\"><li>Moramo sklopiti ugovor s vama, primjerice kada koristite na\u0161e usluge<\/li><li>Dali ste nam dopu\u0161tenje za to<\/li><li>Obrada je u na\u0161em legitimnom interesu i ne preglasava vas prava<\/li><li>Za potrebe obrade pla\u0107anja<\/li><li>U skladu sa zakonom<\/li><\/ul>\n\n\n\n<p>Ako ste stanovnik Europskog gospodarskog prostora (EEA), imate odre\u0111ena prava na za\u0161titu podataka. U odre\u0111enim okolnostima imate sljede\u0107a prava na za\u0161titu podataka:<\/p>\n\n\n\n<ul class=\"wp-block-list\"><li>Pravo na pristup, a\u017euriranje ili brisanje osobnih podataka koje imamo na vama<\/li><li>Pravo ispravljanja<\/li><li>Pravo na prigovor<\/li><li>Pravo na ograni\u010denje<\/li><li>Pravo na prenosivost podataka<\/li><li>Pravo na povla\u010denje pristanka<\/li><\/ul>\n\n\n\n<p>Imajte na umu da mo\u017eemo tra\u017eiti da potvrdite svoj identitet prije nego \u0161to odgovorite na takve zahtjeve.<\/p>\n\n\n\n<p>Imate pravo \u017ealiti Tijelu za za\u0161titu podataka zbog na\u0161eg prikupljanja i kori\u0161tenja va\u0161ih osobnih podataka. Za vi\u0161e informacija obratite se lokalnom tijelu za za\u0161titu podataka u Europskom gospodarskom prostoru (EEA).<\/p>\n\n\n\n<ul class=\"wp-block-list\"><li>Putem e-po\u0161te: <a href=\"\/cdn-cgi\/l\/email-protection\">[email protected]<\/a><\/li><\/ul>\n","protected":false},"excerpt":{"rendered":"<p>Pravila o privatnosti A\u017eurirano 01.09 2020 Ma\u0161inoprojekt (\u201emi\u201c, \u201ena\u0161i\u201c ili \u201emi\u201c) zala\u017ee se za za\u0161titu va\u0161e privatnosti. Ova Pravila o privatnosti obja\u0161njavaju kako Ma\u0161inoprojekt va\u0161e osobne podatke prikuplja, koristi i objavljuje. Ova se pravila o privatnosti odnose na na\u0161u web stranicu, masinoprojekt.hr, i pridru\u017eene poddomene (zajedno na\u0161a &#8220;Usluga&#8221;) zajedno s na\u0161om aplikacijom, Ma\u0161inoprojekt. Pristupanjem ili [&#8230;]\n","protected":false},"author":18,"featured_media":0,"parent":0,"menu_order":0,"comment_status":"closed","ping_status":"closed","template":"","meta":{"footnotes":""},"class_list":["post-28960","page","type-page","status-publish","hentry"],"yoast_head":"<!-- This site is optimized with the Yoast SEO plugin v24.3 - https:\/\/yoast.com\/wordpress\/plugins\/seo\/ -->\n<title>Pravila o privatnosti - Ma\u0161inoprojekt<\/title>\n<meta name=\"robots\" content=\"index, follow, max-snippet:-1, max-image-preview:large, max-video-preview:-1\" \/>\n<link rel=\"canonical\" href=\"https:\/\/masinoprojekt.hr\/hr\/pravila-o-privatnosti\/\" \/>\n<meta property=\"og:locale\" content=\"hr_HR\" \/>\n<meta property=\"og:type\" content=\"article\" \/>\n<meta property=\"og:title\" content=\"Pravila o privatnosti - Ma\u0161inoprojekt\" \/>\n<meta property=\"og:description\" content=\"Pravila o privatnosti A\u017eurirano 01.09 2020 Ma\u0161inoprojekt (\u201emi\u201c, \u201ena\u0161i\u201c ili \u201emi\u201c) zala\u017ee se za za\u0161titu va\u0161e privatnosti. Ova Pravila o privatnosti obja\u0161njavaju kako Ma\u0161inoprojekt va\u0161e osobne podatke prikuplja, koristi i objavljuje. Ova se pravila o privatnosti odnose na na\u0161u web stranicu, masinoprojekt.hr, i pridru\u017eene poddomene (zajedno na\u0161a &#8220;Usluga&#8221;) zajedno s na\u0161om aplikacijom, Ma\u0161inoprojekt. Pristupanjem ili [...]\" \/>\n<meta property=\"og:url\" content=\"https:\/\/masinoprojekt.hr\/hr\/pravila-o-privatnosti\/\" \/>\n<meta property=\"og:site_name\" content=\"Ma\u0161inoprojekt\" \/>\n<meta property=\"article:modified_time\" content=\"2020-08-26T14:55:31+00:00\" \/>\n<meta name=\"twitter:card\" content=\"summary_large_image\" \/>\n<meta name=\"twitter:label1\" content=\"Procijenjeno vrijeme \u010ditanja\" \/>\n\t<meta name=\"twitter:data1\" content=\"9 minuta\" \/>\n<script type=\"application\/ld+json\" class=\"yoast-schema-graph\">{\"@context\":\"https:\/\/schema.org\",\"@graph\":[{\"@type\":\"WebPage\",\"@id\":\"https:\/\/masinoprojekt.hr\/hr\/pravila-o-privatnosti\/\",\"url\":\"https:\/\/masinoprojekt.hr\/hr\/pravila-o-privatnosti\/\",\"name\":\"Pravila o privatnosti - Ma\u0161inoprojekt\",\"isPartOf\":{\"@id\":\"https:\/\/masinoprojekt.hr\/hr\/#website\"},\"datePublished\":\"2020-08-26T07:58:55+00:00\",\"dateModified\":\"2020-08-26T14:55:31+00:00\",\"breadcrumb\":{\"@id\":\"https:\/\/masinoprojekt.hr\/hr\/pravila-o-privatnosti\/#breadcrumb\"},\"inLanguage\":\"hr\",\"potentialAction\":[{\"@type\":\"ReadAction\",\"target\":[\"https:\/\/masinoprojekt.hr\/hr\/pravila-o-privatnosti\/\"]}]},{\"@type\":\"BreadcrumbList\",\"@id\":\"https:\/\/masinoprojekt.hr\/hr\/pravila-o-privatnosti\/#breadcrumb\",\"itemListElement\":[{\"@type\":\"ListItem\",\"position\":1,\"name\":\"Home\",\"item\":\"https:\/\/masinoprojekt.hr\/hr\/\"},{\"@type\":\"ListItem\",\"position\":2,\"name\":\"Pravila o privatnosti\"}]},{\"@type\":\"WebSite\",\"@id\":\"https:\/\/masinoprojekt.hr\/hr\/#website\",\"url\":\"https:\/\/masinoprojekt.hr\/hr\/\",\"name\":\"Ma\u0161inoprojekt\",\"description\":\"\",\"publisher\":{\"@id\":\"https:\/\/masinoprojekt.hr\/hr\/#organization\"},\"potentialAction\":[{\"@type\":\"SearchAction\",\"target\":{\"@type\":\"EntryPoint\",\"urlTemplate\":\"https:\/\/masinoprojekt.hr\/hr\/?s={search_term_string}\"},\"query-input\":{\"@type\":\"PropertyValueSpecification\",\"valueRequired\":true,\"valueName\":\"search_term_string\"}}],\"inLanguage\":\"hr\"},{\"@type\":\"Organization\",\"@id\":\"https:\/\/masinoprojekt.hr\/hr\/#organization\",\"name\":\"Masinoprojekt\",\"url\":\"https:\/\/masinoprojekt.hr\/hr\/\",\"logo\":{\"@type\":\"ImageObject\",\"inLanguage\":\"hr\",\"@id\":\"https:\/\/masinoprojekt.hr\/hr\/#\/schema\/logo\/image\/\",\"url\":\"https:\/\/masinoprojekt.hr\/wp-content\/uploads\/sites\/2\/2020\/08\/Logo_Full_Color-scaled.jpg\",\"contentUrl\":\"https:\/\/masinoprojekt.hr\/wp-content\/uploads\/sites\/2\/2020\/08\/Logo_Full_Color-scaled.jpg\",\"width\":2560,\"height\":383,\"caption\":\"Masinoprojekt\"},\"image\":{\"@id\":\"https:\/\/masinoprojekt.hr\/hr\/#\/schema\/logo\/image\/\"}}]}<\/script>\n<!-- \/ Yoast SEO plugin. -->","yoast_head_json":{"title":"Pravila o privatnosti - Ma\u0161inoprojekt","robots":{"index":"index","follow":"follow","max-snippet":"max-snippet:-1","max-image-preview":"max-image-preview:large","max-video-preview":"max-video-preview:-1"},"canonical":"https:\/\/masinoprojekt.hr\/hr\/pravila-o-privatnosti\/","og_locale":"hr_HR","og_type":"article","og_title":"Pravila o privatnosti - Ma\u0161inoprojekt","og_description":"Pravila o privatnosti A\u017eurirano 01.09 2020 Ma\u0161inoprojekt (\u201emi\u201c, \u201ena\u0161i\u201c ili \u201emi\u201c) zala\u017ee se za za\u0161titu va\u0161e privatnosti. Ova Pravila o privatnosti obja\u0161njavaju kako Ma\u0161inoprojekt va\u0161e osobne podatke prikuplja, koristi i objavljuje. Ova se pravila o privatnosti odnose na na\u0161u web stranicu, masinoprojekt.hr, i pridru\u017eene poddomene (zajedno na\u0161a &#8220;Usluga&#8221;) zajedno s na\u0161om aplikacijom, Ma\u0161inoprojekt. Pristupanjem ili [...]","og_url":"https:\/\/masinoprojekt.hr\/hr\/pravila-o-privatnosti\/","og_site_name":"Ma\u0161inoprojekt","article_modified_time":"2020-08-26T14:55:31+00:00","twitter_card":"summary_large_image","twitter_misc":{"Procijenjeno vrijeme \u010ditanja":"9 minuta"},"schema":{"@context":"https:\/\/schema.org","@graph":[{"@type":"WebPage","@id":"https:\/\/masinoprojekt.hr\/hr\/pravila-o-privatnosti\/","url":"https:\/\/masinoprojekt.hr\/hr\/pravila-o-privatnosti\/","name":"Pravila o privatnosti - Ma\u0161inoprojekt","isPartOf":{"@id":"https:\/\/masinoprojekt.hr\/hr\/#website"},"datePublished":"2020-08-26T07:58:55+00:00","dateModified":"2020-08-26T14:55:31+00:00","breadcrumb":{"@id":"https:\/\/masinoprojekt.hr\/hr\/pravila-o-privatnosti\/#breadcrumb"},"inLanguage":"hr","potentialAction":[{"@type":"ReadAction","target":["https:\/\/masinoprojekt.hr\/hr\/pravila-o-privatnosti\/"]}]},{"@type":"BreadcrumbList","@id":"https:\/\/masinoprojekt.hr\/hr\/pravila-o-privatnosti\/#breadcrumb","itemListElement":[{"@type":"ListItem","position":1,"name":"Home","item":"https:\/\/masinoprojekt.hr\/hr\/"},{"@type":"ListItem","position":2,"name":"Pravila o privatnosti"}]},{"@type":"WebSite","@id":"https:\/\/masinoprojekt.hr\/hr\/#website","url":"https:\/\/masinoprojekt.hr\/hr\/","name":"Ma\u0161inoprojekt","description":"","publisher":{"@id":"https:\/\/masinoprojekt.hr\/hr\/#organization"},"potentialAction":[{"@type":"SearchAction","target":{"@type":"EntryPoint","urlTemplate":"https:\/\/masinoprojekt.hr\/hr\/?s={search_term_string}"},"query-input":{"@type":"PropertyValueSpecification","valueRequired":true,"valueName":"search_term_string"}}],"inLanguage":"hr"},{"@type":"Organization","@id":"https:\/\/masinoprojekt.hr\/hr\/#organization","name":"Masinoprojekt","url":"https:\/\/masinoprojekt.hr\/hr\/","logo":{"@type":"ImageObject","inLanguage":"hr","@id":"https:\/\/masinoprojekt.hr\/hr\/#\/schema\/logo\/image\/","url":"https:\/\/masinoprojekt.hr\/wp-content\/uploads\/sites\/2\/2020\/08\/Logo_Full_Color-scaled.jpg","contentUrl":"https:\/\/masinoprojekt.hr\/wp-content\/uploads\/sites\/2\/2020\/08\/Logo_Full_Color-scaled.jpg","width":2560,"height":383,"caption":"Masinoprojekt"},"image":{"@id":"https:\/\/masinoprojekt.hr\/hr\/#\/schema\/logo\/image\/"}}]}},"_links":{"self":[{"href":"https:\/\/masinoprojekt.hr\/hr\/wp-json\/wp\/v2\/pages\/28960"}],"collection":[{"href":"https:\/\/masinoprojekt.hr\/hr\/wp-json\/wp\/v2\/pages"}],"about":[{"href":"https:\/\/masinoprojekt.hr\/hr\/wp-json\/wp\/v2\/types\/page"}],"author":[{"embeddable":true,"href":"https:\/\/masinoprojekt.hr\/hr\/wp-json\/wp\/v2\/users\/18"}],"replies":[{"embeddable":true,"href":"https:\/\/masinoprojekt.hr\/hr\/wp-json\/wp\/v2\/comments?post=28960"}],"version-history":[{"count":4,"href":"https:\/\/masinoprojekt.hr\/hr\/wp-json\/wp\/v2\/pages\/28960\/revisions"}],"predecessor-version":[{"id":28979,"href":"https:\/\/masinoprojekt.hr\/hr\/wp-json\/wp\/v2\/pages\/28960\/revisions\/28979"}],"wp:attachment":[{"href":"https:\/\/masinoprojekt.hr\/hr\/wp-json\/wp\/v2\/media?parent=28960"}],"curies":[{"name":"wp","href":"https:\/\/api.w.org\/{rel}","templated":true}]}}