{"id":28945,"date":"2020-08-25T11:37:44","date_gmt":"2020-08-25T11:37:44","guid":{"rendered":"https:\/\/masinoprojekt.asynclabs.co\/o-nama\/"},"modified":"2020-11-23T13:08:51","modified_gmt":"2020-11-23T13:08:51","slug":"o-nama","status":"publish","type":"page","link":"https:\/\/masinoprojekt.hr\/hr\/o-nama\/","title":{"rendered":"O nama"},"content":{"rendered":"\n\n\n\t<section class=\"section\" id=\"section_1260095724\">\n\t\t<div class=\"bg section-bg fill bg-fill  \" >\n\n\t\t\t\n\t\t\t\n\t\t\t\n\n\t\t<\/div>\n\n\t\t<div class=\"section-content relative\">\n\t\t\t\n\n\n\t\t<\/div>\n\n\t\t\n<style>\n#section_1260095724 {\n  padding-top: 30px;\n  padding-bottom: 30px;\n  min-height: 400px;\n}\n#section_1260095724 .section-bg.bg-loaded {\n  background-image: url(https:\/\/masinoprojekt.hr\/wp-content\/uploads\/sites\/2\/2020\/08\/About-us-hero.jpg);\n}\n#section_1260095724 .section-bg {\n  background-position: 53% 65%;\n}\n<\/style>\n\t<\/section>\n\t\n\t<section class=\"section\" id=\"section_440568018\">\n\t\t<div class=\"bg section-bg fill bg-fill  bg-loaded\" >\n\n\t\t\t\n\t\t\t\n\t\t\t\n\n\t\t<\/div>\n\n\t\t<div class=\"section-content relative\">\n\t\t\t\n\n<div class=\"row\"  id=\"row-2126253490\">\n\n\n\t<div id=\"col-1982965543\" class=\"col medium-8 small-12 large-8\"  >\n\t\t\t\t<div class=\"col-inner dark\" style=\"background-color:rgb(39, 54, 71);\" >\n\t\t\t\n\t\t\t\n\n<h2>Ma\u0161inoprojekt d.o.o.<\/h2>\n<p class=\"lead\">MA\u0160INOPROJEKT d.o.o. je tvrtka specijalizirana za projektiranje u niskogradnji i viskogradnji, a pogotovo za projektiranje komunalnih infrastrukturnih instalacija poput plinovoda, naftovoda, produktovoda, vodovoda, parovoda, vrelovoda i odvodnje te prate\u0107ih objekata. Projektiramo sve od izvora do potro\u0161a\u010da. Mi dizajniramo sve od izvora do potro\u0161a\u010da<\/p>\n<div id=\"gtx-trans\" style=\"position: absolute; left: 421px; top: 160.266px;\">\n<div class=\"gtx-trans-icon\"> <\/div>\n<\/div>\n\t<div id=\"gap-1730047687\" class=\"gap-element clearfix\" style=\"display:block; height:auto;\">\n\t\t\n<style>\n#gap-1730047687 {\n  padding-top: 10px;\n}\n<\/style>\n\t<\/div>\n\t\n\n\n\t\t<\/div>\n\t\t\t\t\n<style>\n#col-1982965543 > .col-inner {\n  margin: -100px 0px 0px 0px;\n}\n<\/style>\n\t<\/div>\n\n\t\n\n\n<style>\n#row-2126253490 > .col > .col-inner {\n  padding: 60px 60px 40px 60px;\n}\n<\/style>\n<\/div>\n\n\t\t<\/div>\n\n\t\t\n<style>\n#section_440568018 {\n  padding-top: 0px;\n  padding-bottom: 0px;\n}\n<\/style>\n\t<\/section>\n\t\n<div class=\"row align-middle\"  id=\"row-1999417722\">\n\n\n\t<div id=\"col-1883794807\" class=\"col medium-6 small-12 large-6\"  >\n\t\t\t\t<div class=\"col-inner\"  >\n\t\t\t\n\t\t\t\n\n\t<section class=\"section has-hover\" id=\"section_714113856\">\n\t\t<div class=\"bg section-bg fill bg-fill  bg-loaded\" >\n\n\t\t\t\n\t\t\t\n\t\t\t\n\t<div class=\"is-border hover-bounce\"\n\t\tstyle=\"border-color:rgb(255, 255, 255);border-width:0px 0px 0px 40px;\">\n\t<\/div>\n\n\t\t<\/div>\n\n\t\t<div class=\"section-content relative\">\n\t\t\t\n\n<div class=\"row row-collapse\"  id=\"row-132360582\">\n\n\n\t<div id=\"col-799154259\" class=\"col small-12 large-12\"  >\n\t\t\t\t<div class=\"col-inner\"  >\n\t\t\t\n\t\t\t\n\n\n  <div class=\"banner has-hover\" id=\"banner-1545900647\">\n          <div class=\"banner-inner fill\">\n        <div class=\"banner-bg fill\" >\n            <div class=\"bg fill bg-fill \"><\/div>\n                                    \n                    <\/div>\n        <div class=\"banner-layers container\">\n            <div class=\"fill banner-link\"><\/div>            \n\n   <div id=\"text-box-1545871793\" class=\"text-box banner-layer x50 md-x50 lg-x50 y50 md-y50 lg-y50 res-text\">\n                                <div class=\"text-box-content text dark\">\n              \n              <div class=\"text-inner text-center\">\n                  \n\n\n              <\/div>\n           <\/div>\n                            \n<style>\n#text-box-1545871793 {\n  width: 60%;\n}\n#text-box-1545871793 .text-box-content {\n  font-size: 100%;\n}\n<\/style>\n    <\/div>\n \n\n        <\/div>\n      <\/div>\n\n            \n<style>\n#banner-1545900647 {\n  padding-top: 136%;\n}\n#banner-1545900647 .bg.bg-loaded {\n  background-image: url(https:\/\/masinoprojekt.hr\/wp-content\/uploads\/sites\/2\/2020\/08\/Depositphotos_9306608_l-2015-1024x683.jpg);\n}\n<\/style>\n  <\/div>\n\n\n\n\t\t<\/div>\n\t\t\t\t\n<style>\n#col-799154259 > .col-inner {\n  margin: 0px 0px 0px -15px;\n}\n<\/style>\n\t<\/div>\n\n\t\n\n<\/div>\n\n\t\t<\/div>\n\n\t\t\n<style>\n#section_714113856 {\n  padding-top: 30px;\n  padding-bottom: 30px;\n}\n<\/style>\n\t<\/section>\n\t\n\n\t\t<\/div>\n\t\t\t\t\t<\/div>\n\n\t\n\n\t<div id=\"col-1958113158\" class=\"col medium-6 small-12 large-6\"  >\n\t\t\t\t<div class=\"col-inner\"  >\n\t\t\t\n\t\t\t\n\n<h2 style=\"text-align: left;\">O na\u0161oj tvrtki<\/h2>\n<p>Tvrtka se bavi izradom:<\/p>\n<ul>\n<li style=\"text-align: left;\">Arhitektonskih projektata<\/li>\n<li style=\"text-align: left;\">Gra\u0111evinskih projekata<\/li>\n<li style=\"text-align: left;\">Strojarskih projekata<\/li>\n<li style=\"text-align: left;\">Elektrotehni\u010dkih projekata<\/li>\n<li style=\"text-align: left;\">Projekata mjerenja i regulacije<\/li>\n<\/ul>\n\n\t\t<\/div>\n\t\t\t\t\t<\/div>\n\n\t\n\n\n<style>\n#row-1999417722 > .col > .col-inner {\n  padding: 0px 0px 0px 0px;\n}\n@media (min-width:550px) {\n  #row-1999417722 > .col > .col-inner {\n    padding: 60px 0px 60px 0px;\n  }\n}\n<\/style>\n<\/div>\n\t<section class=\"section\" id=\"section_2017663587\">\n\t\t<div class=\"bg section-bg fill bg-fill  bg-loaded\" >\n\n\t\t\t\n\t\t\t\n\t\t\t\n\t<div class=\"is-border\"\n\t\tstyle=\"border-color:rgb(235, 235, 235);border-width:1px 0px 0px 0px;\">\n\t<\/div>\n\n\t\t<\/div>\n\n\t\t<div class=\"section-content relative\">\n\t\t\t\n\n\t<div id=\"gap-1635275027\" class=\"gap-element clearfix\" style=\"display:block; height:auto;\">\n\t\t\n<style>\n#gap-1635275027 {\n  padding-top: 40px;\n}\n<\/style>\n\t<\/div>\n\t\n\n<div class=\"row row-large align-center\"  id=\"row-1435141615\">\n\n\n\t<div id=\"col-1362402069\" class=\"col medium-6 small-10 large-6\"  >\n\t\t\t\t<div class=\"col-inner text-left dark\"  >\n\t\t\t\n\t\t\t\n\n<h1 style=\"text-align: left;\"><span style=\"font-size: 105%;\">Povijest<\/span><\/h1>\n<p>MA\u0160INOPROJEKT, gotovo pod istim imenom i statusom posluje kao samostalna radna organizacija od 01. travnja 1949. godine kada se izdvojila samostalna grupa projektanata formirana u Biro za tehnolo\u0161ko projektiranje poduze\u0107a te\u0161ke industrije.<\/p>\n<p>MA\u0160INOPROJEKT je 1990. godine transformiran u skladu s propisima o pretvorbi i \u017eeljama zaposlenika, a svoje projektne aktivnosti u industriji nastavio je pod nazivom &#8220;MA\u0160INOPROJEKT &#8211; BIRO ZA STROJNOGRADNJU I ENERGETIKU&#8221; d.o.o.<\/p>\n<p>Od 1992. godine uz baznu tvrtku djeluju jo\u0161 dvije sestrinske tvrtke:<\/p>\n<p>MA\u0160INOPROJEKT &#8211; GAB d.o.o. (Gra\u0111evinsko &#8211; arhitektonski biro),<\/p>\n<p>MA\u0160INOPROJEKT &#8211; BEL d.o.o. (Elektri\u010dni biro)<\/p>\n\t<div id=\"gap-486910754\" class=\"gap-element clearfix\" style=\"display:block; height:auto;\">\n\t\t\n<style>\n#gap-486910754 {\n  padding-top: 30px;\n}\n<\/style>\n\t<\/div>\n\t\n\n\n\t\t<\/div>\n\t\t\t\t\t<\/div>\n\n\t\n\n\t<div id=\"col-802323205\" class=\"col medium-6 small-10 large-6\"  >\n\t\t\t\t<div class=\"col-inner text-center dark\"  >\n\t\t\t\n\t\t\t\n\n\t<div id=\"gap-1856486049\" class=\"gap-element clearfix\" style=\"display:block; height:auto;\">\n\t\t\n<style>\n#gap-1856486049 {\n  padding-top: 54px;\n}\n<\/style>\n\t<\/div>\n\t\n\n\t<div class=\"img has-hover x md-x lg-x y md-y lg-y\" id=\"image_1547696850\">\n\t\t\t\t\t\t\t\t<div class=\"img-inner image-cover dark\" style=\"padding-top:80%;\">\n\t\t\t<img loading=\"lazy\" decoding=\"async\" width=\"1020\" height=\"677\" src=\"https:\/\/masinoprojekt.hr\/wp-content\/uploads\/sites\/2\/2020\/08\/documentation-1024x680.jpg\" class=\"attachment-large size-large\" alt=\"\" srcset=\"https:\/\/masinoprojekt.hr\/wp-content\/uploads\/sites\/2\/2020\/08\/documentation-1024x680.jpg 1024w, https:\/\/masinoprojekt.hr\/wp-content\/uploads\/sites\/2\/2020\/08\/documentation-300x199.jpg 300w, https:\/\/masinoprojekt.hr\/wp-content\/uploads\/sites\/2\/2020\/08\/documentation-768x510.jpg 768w, https:\/\/masinoprojekt.hr\/wp-content\/uploads\/sites\/2\/2020\/08\/documentation-510x339.jpg 510w, https:\/\/masinoprojekt.hr\/wp-content\/uploads\/sites\/2\/2020\/08\/documentation.jpg 1500w\" sizes=\"(max-width: 1020px) 100vw, 1020px\" \/>\t\t\t\t\t\t\n\t\t\t\t\t<\/div>\n\t\t\t\t\t\t\t\t\n<style>\n#image_1547696850 {\n  width: 100%;\n}\n<\/style>\n\t<\/div>\n\t\n\n\n\t\t<\/div>\n\t\t\t\t\t<\/div>\n\n\t\n\n<\/div>\n\n\t\t<\/div>\n\n\t\t\n<style>\n#section_2017663587 {\n  padding-top: 4px;\n  padding-bottom: 4px;\n  min-height: 300px;\n  background-color: rgb(39, 54, 71);\n}\n<\/style>\n\t<\/section>\n\t\n\n","protected":false},"excerpt":{"rendered":"","protected":false},"author":1,"featured_media":0,"parent":0,"menu_order":0,"comment_status":"closed","ping_status":"closed","template":"page-blank.php","meta":{"footnotes":""},"class_list":["post-28945","page","type-page","status-publish","hentry"],"yoast_head":"<!-- This site is optimized with the Yoast SEO plugin v24.3 - https:\/\/yoast.com\/wordpress\/plugins\/seo\/ -->\n<title>O nama - Ma\u0161inoprojekt<\/title>\n<meta name=\"robots\" content=\"index, follow, max-snippet:-1, max-image-preview:large, max-video-preview:-1\" \/>\n<link rel=\"canonical\" href=\"https:\/\/masinoprojekt.hr\/hr\/o-nama\/\" \/>\n<meta property=\"og:locale\" content=\"hr_HR\" \/>\n<meta property=\"og:type\" content=\"article\" \/>\n<meta property=\"og:title\" content=\"O nama - Ma\u0161inoprojekt\" \/>\n<meta property=\"og:url\" content=\"https:\/\/masinoprojekt.hr\/hr\/o-nama\/\" \/>\n<meta property=\"og:site_name\" content=\"Ma\u0161inoprojekt\" \/>\n<meta property=\"article:modified_time\" content=\"2020-11-23T13:08:51+00:00\" \/>\n<meta name=\"twitter:card\" content=\"summary_large_image\" \/>\n<meta name=\"twitter:label1\" content=\"Procijenjeno vrijeme \u010ditanja\" \/>\n\t<meta name=\"twitter:data1\" content=\"2 minute\" \/>\n<script type=\"application\/ld+json\" class=\"yoast-schema-graph\">{\"@context\":\"https:\/\/schema.org\",\"@graph\":[{\"@type\":\"WebPage\",\"@id\":\"https:\/\/masinoprojekt.hr\/hr\/o-nama\/\",\"url\":\"https:\/\/masinoprojekt.hr\/hr\/o-nama\/\",\"name\":\"O nama - Ma\u0161inoprojekt\",\"isPartOf\":{\"@id\":\"https:\/\/masinoprojekt.hr\/hr\/#website\"},\"datePublished\":\"2020-08-25T11:37:44+00:00\",\"dateModified\":\"2020-11-23T13:08:51+00:00\",\"breadcrumb\":{\"@id\":\"https:\/\/masinoprojekt.hr\/hr\/o-nama\/#breadcrumb\"},\"inLanguage\":\"hr\",\"potentialAction\":[{\"@type\":\"ReadAction\",\"target\":[\"https:\/\/masinoprojekt.hr\/hr\/o-nama\/\"]}]},{\"@type\":\"BreadcrumbList\",\"@id\":\"https:\/\/masinoprojekt.hr\/hr\/o-nama\/#breadcrumb\",\"itemListElement\":[{\"@type\":\"ListItem\",\"position\":1,\"name\":\"Home\",\"item\":\"https:\/\/masinoprojekt.hr\/hr\/\"},{\"@type\":\"ListItem\",\"position\":2,\"name\":\"O nama\"}]},{\"@type\":\"WebSite\",\"@id\":\"https:\/\/masinoprojekt.hr\/hr\/#website\",\"url\":\"https:\/\/masinoprojekt.hr\/hr\/\",\"name\":\"Ma\u0161inoprojekt\",\"description\":\"\",\"publisher\":{\"@id\":\"https:\/\/masinoprojekt.hr\/hr\/#organization\"},\"potentialAction\":[{\"@type\":\"SearchAction\",\"target\":{\"@type\":\"EntryPoint\",\"urlTemplate\":\"https:\/\/masinoprojekt.hr\/hr\/?s={search_term_string}\"},\"query-input\":{\"@type\":\"PropertyValueSpecification\",\"valueRequired\":true,\"valueName\":\"search_term_string\"}}],\"inLanguage\":\"hr\"},{\"@type\":\"Organization\",\"@id\":\"https:\/\/masinoprojekt.hr\/hr\/#organization\",\"name\":\"Masinoprojekt\",\"url\":\"https:\/\/masinoprojekt.hr\/hr\/\",\"logo\":{\"@type\":\"ImageObject\",\"inLanguage\":\"hr\",\"@id\":\"https:\/\/masinoprojekt.hr\/hr\/#\/schema\/logo\/image\/\",\"url\":\"https:\/\/masinoprojekt.hr\/wp-content\/uploads\/sites\/2\/2020\/08\/Logo_Full_Color-scaled.jpg\",\"contentUrl\":\"https:\/\/masinoprojekt.hr\/wp-content\/uploads\/sites\/2\/2020\/08\/Logo_Full_Color-scaled.jpg\",\"width\":2560,\"height\":383,\"caption\":\"Masinoprojekt\"},\"image\":{\"@id\":\"https:\/\/masinoprojekt.hr\/hr\/#\/schema\/logo\/image\/\"}}]}<\/script>\n<!-- \/ Yoast SEO plugin. -->","yoast_head_json":{"title":"O nama - Ma\u0161inoprojekt","robots":{"index":"index","follow":"follow","max-snippet":"max-snippet:-1","max-image-preview":"max-image-preview:large","max-video-preview":"max-video-preview:-1"},"canonical":"https:\/\/masinoprojekt.hr\/hr\/o-nama\/","og_locale":"hr_HR","og_type":"article","og_title":"O nama - Ma\u0161inoprojekt","og_url":"https:\/\/masinoprojekt.hr\/hr\/o-nama\/","og_site_name":"Ma\u0161inoprojekt","article_modified_time":"2020-11-23T13:08:51+00:00","twitter_card":"summary_large_image","twitter_misc":{"Procijenjeno vrijeme \u010ditanja":"2 minute"},"schema":{"@context":"https:\/\/schema.org","@graph":[{"@type":"WebPage","@id":"https:\/\/masinoprojekt.hr\/hr\/o-nama\/","url":"https:\/\/masinoprojekt.hr\/hr\/o-nama\/","name":"O nama - Ma\u0161inoprojekt","isPartOf":{"@id":"https:\/\/masinoprojekt.hr\/hr\/#website"},"datePublished":"2020-08-25T11:37:44+00:00","dateModified":"2020-11-23T13:08:51+00:00","breadcrumb":{"@id":"https:\/\/masinoprojekt.hr\/hr\/o-nama\/#breadcrumb"},"inLanguage":"hr","potentialAction":[{"@type":"ReadAction","target":["https:\/\/masinoprojekt.hr\/hr\/o-nama\/"]}]},{"@type":"BreadcrumbList","@id":"https:\/\/masinoprojekt.hr\/hr\/o-nama\/#breadcrumb","itemListElement":[{"@type":"ListItem","position":1,"name":"Home","item":"https:\/\/masinoprojekt.hr\/hr\/"},{"@type":"ListItem","position":2,"name":"O nama"}]},{"@type":"WebSite","@id":"https:\/\/masinoprojekt.hr\/hr\/#website","url":"https:\/\/masinoprojekt.hr\/hr\/","name":"Ma\u0161inoprojekt","description":"","publisher":{"@id":"https:\/\/masinoprojekt.hr\/hr\/#organization"},"potentialAction":[{"@type":"SearchAction","target":{"@type":"EntryPoint","urlTemplate":"https:\/\/masinoprojekt.hr\/hr\/?s={search_term_string}"},"query-input":{"@type":"PropertyValueSpecification","valueRequired":true,"valueName":"search_term_string"}}],"inLanguage":"hr"},{"@type":"Organization","@id":"https:\/\/masinoprojekt.hr\/hr\/#organization","name":"Masinoprojekt","url":"https:\/\/masinoprojekt.hr\/hr\/","logo":{"@type":"ImageObject","inLanguage":"hr","@id":"https:\/\/masinoprojekt.hr\/hr\/#\/schema\/logo\/image\/","url":"https:\/\/masinoprojekt.hr\/wp-content\/uploads\/sites\/2\/2020\/08\/Logo_Full_Color-scaled.jpg","contentUrl":"https:\/\/masinoprojekt.hr\/wp-content\/uploads\/sites\/2\/2020\/08\/Logo_Full_Color-scaled.jpg","width":2560,"height":383,"caption":"Masinoprojekt"},"image":{"@id":"https:\/\/masinoprojekt.hr\/hr\/#\/schema\/logo\/image\/"}}]}},"_links":{"self":[{"href":"https:\/\/masinoprojekt.hr\/hr\/wp-json\/wp\/v2\/pages\/28945"}],"collection":[{"href":"https:\/\/masinoprojekt.hr\/hr\/wp-json\/wp\/v2\/pages"}],"about":[{"href":"https:\/\/masinoprojekt.hr\/hr\/wp-json\/wp\/v2\/types\/page"}],"author":[{"embeddable":true,"href":"https:\/\/masinoprojekt.hr\/hr\/wp-json\/wp\/v2\/users\/1"}],"replies":[{"embeddable":true,"href":"https:\/\/masinoprojekt.hr\/hr\/wp-json\/wp\/v2\/comments?post=28945"}],"version-history":[{"count":31,"href":"https:\/\/masinoprojekt.hr\/hr\/wp-json\/wp\/v2\/pages\/28945\/revisions"}],"predecessor-version":[{"id":29437,"href":"https:\/\/masinoprojekt.hr\/hr\/wp-json\/wp\/v2\/pages\/28945\/revisions\/29437"}],"wp:attachment":[{"href":"https:\/\/masinoprojekt.hr\/hr\/wp-json\/wp\/v2\/media?parent=28945"}],"curies":[{"name":"wp","href":"https:\/\/api.w.org\/{rel}","templated":true}]}}