{"id":28934,"date":"2020-08-25T09:07:17","date_gmt":"2020-08-25T09:07:17","guid":{"rendered":"https:\/\/masinoprojekt.asynclabs.co\/pravila-o-kolacicima\/"},"modified":"2020-08-25T09:07:19","modified_gmt":"2020-08-25T09:07:19","slug":"pravila-o-kolacicima","status":"publish","type":"page","link":"https:\/\/masinoprojekt.hr\/hr\/pravila-o-kolacicima\/","title":{"rendered":"Pravila o kola\u010di\u0107ima"},"content":{"rendered":"\n<div class=\"cli_pg_page_contaner\"><h3>O ovom pravilima o kola\u010di\u0107ima<\/h3><div>U ovom se Pravilima o kola\u010di\u0107ima obja\u0161njavaju \u0161to su kola\u010di\u0107i i kako ih koristimo. Trebali biste pro\u010ditati ovu politiku kako biste shvatili \u0161to su kola\u010di\u0107i, kako ih koristimo, vrste kola\u010di\u0107a koje koristimo odnosno, informacije koje prikupljamo pomo\u0107u kola\u010di\u0107a i na\u010din na koji se te informacije koriste i kako kontrolirati preferencije kola\u010di\u0107a. Dodatne informacije o tome kako koristimo, \u010duvamo i \u010duvamo va\u0161e osobne podatke sigurnima potra\u017eite u na\u0161im Pravilima o privatnosti.\n\nMo\u017eete u bilo kojem trenutku promijeniti ili povu\u0107i va\u0161 pristanak iz Deklaracije o kola\u010di\u0107ima na na\u0161oj internetskoj stranici.\nSaznajte vi\u0161e o tome tko smo, kako nas mo\u017eete kontaktirati i kako obra\u0111ujemo osobne podatke u na\u0161im Pravilima o privatnosti.\nVa\u0161 pristanak odnosi se na sljede\u0107e domene: masinoprojekt.hr\n<div class=\"cli_user_consent_state\">Va\u0161e trenutno stanje: Nema pristanka. <a class=\"cli_manage_current_consent\" style=\"cursor:pointer;text-decoration:underline;\">Upravljajte svojim pristankom.<\/a> <\/div><\/div><h3>\u0160to su kola\u010di\u0107i ?<\/h3><div>Kola\u010di\u0107i su male tekstualne datoteke koje se koriste za pohranu malih komada informacija. Kola\u010di\u0107i se pohranjuju na va\u0161em ure\u0111aju kada se web stranica u\u010dita na preglednik. Ovi kola\u010di\u0107i nam poma\u017eu da web stranica ispravno funkcionira, u\u010dinimo web-mjesto sigurnijim, pru\u017eimo bolje korisni\u010dko iskustvo i razumijemo kako web stranica obavlja i analiziramo \u0161to radi i gdje joj je potrebno pobolj\u0161anje.<\/div><h3>Kako koristimo kola\u010di\u0107e ?<\/h3><div>Kao ve\u0107ina online usluga, na\u0161a web stranica koristi kola\u010di\u0107e prve strane i kola\u010di\u0107e tre\u0107ih strana u vi\u0161e svrha. Kola\u010di\u0107i prve strane su uglavnom potrebni da web stranica funkcionira na pravi na\u010din, a oni ne prikupljaju niti jedan od va\u0161ih podataka koji se mogu identificirati osobno.\n\nKola\u010di\u0107i tre\u0107ih strana koji se koriste na na\u0161im web stranicama koriste se uglavnom za razumijevanje kako web stranica obavlja, kako komunicirate s na\u0161im web stranicama, \u010duvaju\u0107i na\u0161e usluge sigurnim, pru\u017eaju\u0107i reklame koje su relevantne za vas, a sve u svemu pru\u017eaju\u0107i vam bolje i pobolj\u0161ano korisni\u010dko iskustvo i pomo\u0107i u ubrzavanju va\u0161ih budu\u0107ih interakcija s na\u0161im web stranicama.<\/div><h3>Koje vrste kola\u010di\u0107a koristimo ?<\/h3><div>Essential: Neki kola\u010di\u0107i su klju\u010dni za vas da biste mogli do\u017eivjeti potpunu funkcionalnost na\u0161e stranice. Omogu\u0107uju nam odr\u017eavanje korisni\u010dkih sesija i sprje\u010davanje bilo kakvih sigurnosnih prijetnji. Oni ne prikupljaju ili pohranjuju nikakve osobne podatke. Na primjer, ovi kola\u010di\u0107i omogu\u0107uju prijavu na ra\u010dun i sigurno dodavanje proizvoda u ko\u0161aru i odjavu. \n\nStatistika: Ovi kola\u010di\u0107i pohranjuju informacije poput broja posjetitelja web stranice, broja jedinstvenih posjetitelja, koje stranice web stranice su posje\u0107ene, izvor posjeta itd. Ovi podaci nam poma\u017eu razumjeti i analizirati koliko dobro web stranica obavlja i gdje treba pobolj\u0161anje.\n\nMarketing: Na\u0161a web stranica prikazuje reklame. Ovi kola\u010di\u0107i koriste se za personalizaciju reklama koje vam pokazujemo tako da su vam oni sadr\u017eajni. Ovi kola\u010di\u0107i nam tako\u0111er poma\u017eu pratiti u\u010dinkovitost tih oglasnih kampanja. \nInformacije pohranjene u tim kola\u010di\u0107ima mogu koristiti i davatelji oglasa tre\u0107e strane da bi vam prikazivati oglase i na drugim web-mjestima na pregledniku.\n\nFunkcionalno: To su kola\u010di\u0107i koji poma\u017eu odre\u0111enim ne-bitnim funkcionalnostima na na\u0161oj web stranici. Te funkcionalnosti uklju\u010duju ugra\u0111ivanje sadr\u017eaja kao \u0161to su videozapisi ili dijeljenje sadr\u017eaja na internetskim stranicama na platformama dru\u0161tvenih mre\u017ea. \n\nPreference: ovi kola\u010di\u0107i poma\u017eu nam pohraniti va\u0161e postavke i preferencije pregledavanja poput jezi\u010dnih preferencija tako da imate bolje i u\u010dinkovito iskustvo u budu\u0107im posjetima web stranici.\n<\/div><h3>Kako mogu kontrolirati preference kola\u010di\u0107a ?<\/h3><div>Ako se odlu\u010dite promijeniti svoje preference kasnije kroz svoju sesiju pregledavanja, mo\u017eete kliknuti na karticu &#8220;Politika privatnosti i kola\u010di\u0107a&#8221; na zaslonu. To \u0107e ponovno prikazati obavijest o privoli koja vam omogu\u0107uje promjenu preferencija ili potpuno povla\u010denje pristanka.\n\nOsim toga, razli\u010diti preglednici pru\u017eaju razli\u010dite metode za blokiranje i brisanje kola\u010di\u0107a koje koriste web stranice. Postavke preglednika mo\u017eete promijeniti da biste blokirali\/izbrisali kola\u010di\u0107e. Da biste saznali vi\u0161e o tome kako upravljati i izbrisati kola\u010di\u0107e, posjetite wikipedia.org, www.allaboutcookies.org.<\/div><\/div>\n","protected":false},"excerpt":{"rendered":"<p>O ovom pravilima o kola\u010di\u0107ima U ovom se Pravilima o kola\u010di\u0107ima obja\u0161njavaju \u0161to su kola\u010di\u0107i i kako ih koristimo. Trebali biste pro\u010ditati ovu politiku kako biste shvatili \u0161to su kola\u010di\u0107i, kako ih koristimo, vrste kola\u010di\u0107a koje koristimo odnosno, informacije koje prikupljamo pomo\u0107u kola\u010di\u0107a i na\u010din na koji se te informacije koriste i kako kontrolirati preferencije [&#8230;]\n","protected":false},"author":18,"featured_media":0,"parent":0,"menu_order":0,"comment_status":"closed","ping_status":"closed","template":"","meta":{"footnotes":""},"class_list":["post-28934","page","type-page","status-publish","hentry"],"yoast_head":"<!-- This site is optimized with the Yoast SEO plugin v24.3 - https:\/\/yoast.com\/wordpress\/plugins\/seo\/ -->\n<title>Pravila o kola\u010di\u0107ima - Ma\u0161inoprojekt<\/title>\n<meta name=\"robots\" content=\"index, follow, max-snippet:-1, max-image-preview:large, max-video-preview:-1\" \/>\n<link rel=\"canonical\" href=\"https:\/\/masinoprojekt.hr\/hr\/pravila-o-kolacicima\/\" \/>\n<meta property=\"og:locale\" content=\"hr_HR\" \/>\n<meta property=\"og:type\" content=\"article\" \/>\n<meta property=\"og:title\" content=\"Pravila o kola\u010di\u0107ima - Ma\u0161inoprojekt\" \/>\n<meta property=\"og:description\" content=\"O ovom pravilima o kola\u010di\u0107ima U ovom se Pravilima o kola\u010di\u0107ima obja\u0161njavaju \u0161to su kola\u010di\u0107i i kako ih koristimo. Trebali biste pro\u010ditati ovu politiku kako biste shvatili \u0161to su kola\u010di\u0107i, kako ih koristimo, vrste kola\u010di\u0107a koje koristimo odnosno, informacije koje prikupljamo pomo\u0107u kola\u010di\u0107a i na\u010din na koji se te informacije koriste i kako kontrolirati preferencije [...]\" \/>\n<meta property=\"og:url\" content=\"https:\/\/masinoprojekt.hr\/hr\/pravila-o-kolacicima\/\" \/>\n<meta property=\"og:site_name\" content=\"Ma\u0161inoprojekt\" \/>\n<meta property=\"article:modified_time\" content=\"2020-08-25T09:07:19+00:00\" \/>\n<meta name=\"twitter:card\" content=\"summary_large_image\" \/>\n<meta name=\"twitter:label1\" content=\"Procijenjeno vrijeme \u010ditanja\" \/>\n\t<meta name=\"twitter:data1\" content=\"4 minute\" \/>\n<script type=\"application\/ld+json\" class=\"yoast-schema-graph\">{\"@context\":\"https:\/\/schema.org\",\"@graph\":[{\"@type\":\"WebPage\",\"@id\":\"https:\/\/masinoprojekt.hr\/hr\/pravila-o-kolacicima\/\",\"url\":\"https:\/\/masinoprojekt.hr\/hr\/pravila-o-kolacicima\/\",\"name\":\"Pravila o kola\u010di\u0107ima - Ma\u0161inoprojekt\",\"isPartOf\":{\"@id\":\"https:\/\/masinoprojekt.hr\/hr\/#website\"},\"datePublished\":\"2020-08-25T09:07:17+00:00\",\"dateModified\":\"2020-08-25T09:07:19+00:00\",\"breadcrumb\":{\"@id\":\"https:\/\/masinoprojekt.hr\/hr\/pravila-o-kolacicima\/#breadcrumb\"},\"inLanguage\":\"hr\",\"potentialAction\":[{\"@type\":\"ReadAction\",\"target\":[\"https:\/\/masinoprojekt.hr\/hr\/pravila-o-kolacicima\/\"]}]},{\"@type\":\"BreadcrumbList\",\"@id\":\"https:\/\/masinoprojekt.hr\/hr\/pravila-o-kolacicima\/#breadcrumb\",\"itemListElement\":[{\"@type\":\"ListItem\",\"position\":1,\"name\":\"Home\",\"item\":\"https:\/\/masinoprojekt.hr\/hr\/\"},{\"@type\":\"ListItem\",\"position\":2,\"name\":\"Pravila o kola\u010di\u0107ima\"}]},{\"@type\":\"WebSite\",\"@id\":\"https:\/\/masinoprojekt.hr\/hr\/#website\",\"url\":\"https:\/\/masinoprojekt.hr\/hr\/\",\"name\":\"Ma\u0161inoprojekt\",\"description\":\"\",\"publisher\":{\"@id\":\"https:\/\/masinoprojekt.hr\/hr\/#organization\"},\"potentialAction\":[{\"@type\":\"SearchAction\",\"target\":{\"@type\":\"EntryPoint\",\"urlTemplate\":\"https:\/\/masinoprojekt.hr\/hr\/?s={search_term_string}\"},\"query-input\":{\"@type\":\"PropertyValueSpecification\",\"valueRequired\":true,\"valueName\":\"search_term_string\"}}],\"inLanguage\":\"hr\"},{\"@type\":\"Organization\",\"@id\":\"https:\/\/masinoprojekt.hr\/hr\/#organization\",\"name\":\"Masinoprojekt\",\"url\":\"https:\/\/masinoprojekt.hr\/hr\/\",\"logo\":{\"@type\":\"ImageObject\",\"inLanguage\":\"hr\",\"@id\":\"https:\/\/masinoprojekt.hr\/hr\/#\/schema\/logo\/image\/\",\"url\":\"https:\/\/masinoprojekt.hr\/wp-content\/uploads\/sites\/2\/2020\/08\/Logo_Full_Color-scaled.jpg\",\"contentUrl\":\"https:\/\/masinoprojekt.hr\/wp-content\/uploads\/sites\/2\/2020\/08\/Logo_Full_Color-scaled.jpg\",\"width\":2560,\"height\":383,\"caption\":\"Masinoprojekt\"},\"image\":{\"@id\":\"https:\/\/masinoprojekt.hr\/hr\/#\/schema\/logo\/image\/\"}}]}<\/script>\n<!-- \/ Yoast SEO plugin. -->","yoast_head_json":{"title":"Pravila o kola\u010di\u0107ima - Ma\u0161inoprojekt","robots":{"index":"index","follow":"follow","max-snippet":"max-snippet:-1","max-image-preview":"max-image-preview:large","max-video-preview":"max-video-preview:-1"},"canonical":"https:\/\/masinoprojekt.hr\/hr\/pravila-o-kolacicima\/","og_locale":"hr_HR","og_type":"article","og_title":"Pravila o kola\u010di\u0107ima - Ma\u0161inoprojekt","og_description":"O ovom pravilima o kola\u010di\u0107ima U ovom se Pravilima o kola\u010di\u0107ima obja\u0161njavaju \u0161to su kola\u010di\u0107i i kako ih koristimo. Trebali biste pro\u010ditati ovu politiku kako biste shvatili \u0161to su kola\u010di\u0107i, kako ih koristimo, vrste kola\u010di\u0107a koje koristimo odnosno, informacije koje prikupljamo pomo\u0107u kola\u010di\u0107a i na\u010din na koji se te informacije koriste i kako kontrolirati preferencije [...]","og_url":"https:\/\/masinoprojekt.hr\/hr\/pravila-o-kolacicima\/","og_site_name":"Ma\u0161inoprojekt","article_modified_time":"2020-08-25T09:07:19+00:00","twitter_card":"summary_large_image","twitter_misc":{"Procijenjeno vrijeme \u010ditanja":"4 minute"},"schema":{"@context":"https:\/\/schema.org","@graph":[{"@type":"WebPage","@id":"https:\/\/masinoprojekt.hr\/hr\/pravila-o-kolacicima\/","url":"https:\/\/masinoprojekt.hr\/hr\/pravila-o-kolacicima\/","name":"Pravila o kola\u010di\u0107ima - Ma\u0161inoprojekt","isPartOf":{"@id":"https:\/\/masinoprojekt.hr\/hr\/#website"},"datePublished":"2020-08-25T09:07:17+00:00","dateModified":"2020-08-25T09:07:19+00:00","breadcrumb":{"@id":"https:\/\/masinoprojekt.hr\/hr\/pravila-o-kolacicima\/#breadcrumb"},"inLanguage":"hr","potentialAction":[{"@type":"ReadAction","target":["https:\/\/masinoprojekt.hr\/hr\/pravila-o-kolacicima\/"]}]},{"@type":"BreadcrumbList","@id":"https:\/\/masinoprojekt.hr\/hr\/pravila-o-kolacicima\/#breadcrumb","itemListElement":[{"@type":"ListItem","position":1,"name":"Home","item":"https:\/\/masinoprojekt.hr\/hr\/"},{"@type":"ListItem","position":2,"name":"Pravila o kola\u010di\u0107ima"}]},{"@type":"WebSite","@id":"https:\/\/masinoprojekt.hr\/hr\/#website","url":"https:\/\/masinoprojekt.hr\/hr\/","name":"Ma\u0161inoprojekt","description":"","publisher":{"@id":"https:\/\/masinoprojekt.hr\/hr\/#organization"},"potentialAction":[{"@type":"SearchAction","target":{"@type":"EntryPoint","urlTemplate":"https:\/\/masinoprojekt.hr\/hr\/?s={search_term_string}"},"query-input":{"@type":"PropertyValueSpecification","valueRequired":true,"valueName":"search_term_string"}}],"inLanguage":"hr"},{"@type":"Organization","@id":"https:\/\/masinoprojekt.hr\/hr\/#organization","name":"Masinoprojekt","url":"https:\/\/masinoprojekt.hr\/hr\/","logo":{"@type":"ImageObject","inLanguage":"hr","@id":"https:\/\/masinoprojekt.hr\/hr\/#\/schema\/logo\/image\/","url":"https:\/\/masinoprojekt.hr\/wp-content\/uploads\/sites\/2\/2020\/08\/Logo_Full_Color-scaled.jpg","contentUrl":"https:\/\/masinoprojekt.hr\/wp-content\/uploads\/sites\/2\/2020\/08\/Logo_Full_Color-scaled.jpg","width":2560,"height":383,"caption":"Masinoprojekt"},"image":{"@id":"https:\/\/masinoprojekt.hr\/hr\/#\/schema\/logo\/image\/"}}]}},"_links":{"self":[{"href":"https:\/\/masinoprojekt.hr\/hr\/wp-json\/wp\/v2\/pages\/28934"}],"collection":[{"href":"https:\/\/masinoprojekt.hr\/hr\/wp-json\/wp\/v2\/pages"}],"about":[{"href":"https:\/\/masinoprojekt.hr\/hr\/wp-json\/wp\/v2\/types\/page"}],"author":[{"embeddable":true,"href":"https:\/\/masinoprojekt.hr\/hr\/wp-json\/wp\/v2\/users\/18"}],"replies":[{"embeddable":true,"href":"https:\/\/masinoprojekt.hr\/hr\/wp-json\/wp\/v2\/comments?post=28934"}],"version-history":[{"count":3,"href":"https:\/\/masinoprojekt.hr\/hr\/wp-json\/wp\/v2\/pages\/28934\/revisions"}],"predecessor-version":[{"id":28937,"href":"https:\/\/masinoprojekt.hr\/hr\/wp-json\/wp\/v2\/pages\/28934\/revisions\/28937"}],"wp:attachment":[{"href":"https:\/\/masinoprojekt.hr\/hr\/wp-json\/wp\/v2\/media?parent=28934"}],"curies":[{"name":"wp","href":"https:\/\/api.w.org\/{rel}","templated":true}]}}